{"id":5,"date":"2023-11-29T11:08:06","date_gmt":"2023-11-29T11:08:06","guid":{"rendered":"https:\/\/noritbrandservice.dk\/?page_id=5"},"modified":"2023-11-29T12:34:40","modified_gmt":"2023-11-29T11:34:40","slug":"norit-brandservice","status":"publish","type":"page","link":"https:\/\/noritbrandservice.dk\/","title":{"rendered":"Norit Brandservice"},"content":{"rendered":"<p>[et_pb_section fb_built=&#8221;1&#8243; admin_label=&#8221;Header&#8221; _builder_version=&#8221;4.23&#8243; _module_preset=&#8221;default&#8221; background_color=&#8221;#0a0a0a&#8221; use_background_color_gradient=&#8221;on&#8221; background_color_gradient_stops=&#8221;#ffffff 10%|rgba(255,255,255,0.65) 100%&#8221; background_color_gradient_overlays_image=&#8221;on&#8221; background_image=&#8221;https:\/\/noritbrandservice.dk\/wp-content\/uploads\/2023\/11\/pascal-meier-1uVCTVSn-2o-unsplash-scaled.jpg&#8221; background_enable_mask_style=&#8221;on&#8221; background_mask_style=&#8221;diagonal-pills&#8221; background_mask_size=&#8221;cover&#8221; custom_padding=&#8221;8vw||0px||false|false&#8221; collapsed=&#8221;on&#8221; global_colors_info=&#8221;{}&#8221;][et_pb_row column_structure=&#8221;2_3,1_3&#8243; _builder_version=&#8221;4.21.0&#8243; _module_preset=&#8221;default&#8221; custom_padding=&#8221;||0px||false|false&#8221; global_colors_info=&#8221;{}&#8221;][et_pb_column type=&#8221;2_3&#8243; _builder_version=&#8221;4.19.1&#8243; _module_preset=&#8221;default&#8221; global_colors_info=&#8221;{}&#8221;][et_pb_text _builder_version=&#8221;4.21.0&#8243; _module_preset=&#8221;5fc497f4-6c87-4e76-8f34-b38d2e3a16fe&#8221; custom_margin=&#8221;||10px||false|false&#8221; global_colors_info=&#8221;{%22gcid-a9d8e14e-2f78-408a-a83c-506939196b52%22:%91%22header_text_color%22%93}&#8221;]<\/p>\n<h1 class=\"title-heading-left\">Velkommen hos Norit Brandservice<\/h1>\n<p>[\/et_pb_text][et_pb_text _builder_version=&#8221;4.23&#8243; _module_preset=&#8221;42f72a08-bff5-4007-a3ad-0023c0314b03&#8243; text_text_color=&#8221;gcid-a9d8e14e-2f78-408a-a83c-506939196b52&#8243; global_colors_info=&#8221;{%22gcid-a9d8e14e-2f78-408a-a83c-506939196b52%22:%91%22text_text_color%22%93}&#8221;]<\/p>\n<h3><span>Vi tilbyder service af brandmateriale \u2013 Opfyldning og trykpr\u00f8vning af Gloria- og Lindeprodukter.<\/span><\/h3>\n<p>[\/et_pb_text][\/et_pb_column][et_pb_column type=&#8221;1_3&#8243; _builder_version=&#8221;4.19.1&#8243; _module_preset=&#8221;default&#8221; global_colors_info=&#8221;{}&#8221;][\/et_pb_column][\/et_pb_row][et_pb_row column_structure=&#8221;1_3,1_3,1_3&#8243; use_custom_gutter=&#8221;on&#8221; gutter_width=&#8221;1&#8243; _builder_version=&#8221;4.21.0&#8243; _module_preset=&#8221;default&#8221; custom_padding=&#8221;||0px||false|false&#8221; global_colors_info=&#8221;{}&#8221;][et_pb_column type=&#8221;1_3&#8243; _builder_version=&#8221;4.19.1&#8243; _module_preset=&#8221;default&#8221; global_colors_info=&#8221;{}&#8221;][et_pb_text _builder_version=&#8221;4.23&#8243; _module_preset=&#8221;default&#8221; global_colors_info=&#8221;{}&#8221;]<\/p>\n<p>Vi er DS-certificerede og alle reparationer foreg\u00e5r p\u00e5 vores DS-godkendte v\u00e6rksted.<\/p>\n<p>Vi uddanner og certificerer vores medarbejder l\u00f8bende, for at opn\u00e5 s\u00e5 h\u00f8jt et\u00a0service- og kvalitetsniveau. Vi opfylder samtlige krav i henhold til transportbeholderbekendtg\u00f8relsen.<\/p>\n<p>[\/et_pb_text][\/et_pb_column][et_pb_column type=&#8221;1_3&#8243; _builder_version=&#8221;4.19.1&#8243; _module_preset=&#8221;default&#8221; global_colors_info=&#8221;{}&#8221;][\/et_pb_column][et_pb_column type=&#8221;1_3&#8243; _builder_version=&#8221;4.19.1&#8243; _module_preset=&#8221;default&#8221; global_colors_info=&#8221;{}&#8221;][et_pb_image src=&#8221;https:\/\/noritbrandservice.dk\/wp-content\/uploads\/2023\/11\/flammelukker.png&#8221; title_text=&#8221;flammelukker&#8221; align=&#8221;right&#8221; _builder_version=&#8221;4.23&#8243; _module_preset=&#8221;default&#8221; custom_margin=&#8221;||||false|false&#8221; border_radii=&#8221;on|500px|500px|500px|500px&#8221; border_width_all=&#8221;24px&#8221; border_color_all=&#8221;#FFFFFF&#8221; locked=&#8221;off&#8221; global_colors_info=&#8221;{}&#8221;][\/et_pb_image][\/et_pb_column][\/et_pb_row][\/et_pb_section][et_pb_section fb_built=&#8221;1&#8243; admin_label=&#8221;Courses&#8221; _builder_version=&#8221;4.23&#8243; _module_preset=&#8221;default&#8221; hover_enabled=&#8221;0&#8243; saved_tabs=&#8221;all&#8221; collapsed=&#8221;on&#8221; global_colors_info=&#8221;{}&#8221; title_text=&#8221;brandslukker-sikring&#8221; background_image=&#8221;https:\/\/noritbrandservice.dk\/wp-content\/uploads\/2023\/11\/brandslukker-sikring.png&#8221; sticky_enabled=&#8221;0&#8243; background_enable_color=&#8221;off&#8221;][et_pb_row _builder_version=&#8221;4.23&#8243; _module_preset=&#8221;default&#8221; max_width=&#8221;700px&#8221; hover_enabled=&#8221;0&#8243; global_colors_info=&#8221;{}&#8221; background_color=&#8221;rgba(255,255,255,0.8)&#8221; custom_margin=&#8221;10px||10px||false|false&#8221; custom_padding=&#8221;|20px||20px|false|false&#8221; sticky_enabled=&#8221;0&#8243;][et_pb_column type=&#8221;4_4&#8243; _builder_version=&#8221;4.19.1&#8243; _module_preset=&#8221;default&#8221; global_colors_info=&#8221;{}&#8221;][et_pb_text _builder_version=&#8221;4.23&#8243; _module_preset=&#8221;ed002b98-b0d6-4193-b182-36d7497c7e48&#8243; text_orientation=&#8221;center&#8221; hover_enabled=&#8221;0&#8243; global_colors_info=&#8221;{}&#8221; sticky_enabled=&#8221;0&#8243;]<\/p>\n<h1 class=\"title-heading-left\">Service<\/h1>\n<p>[\/et_pb_text][et_pb_text _builder_version=&#8221;4.23&#8243; _module_preset=&#8221;2939e21c-d561-4acb-8590-5551a8e56ac3&#8243; text_orientation=&#8221;center&#8221; hover_enabled=&#8221;0&#8243; global_colors_info=&#8221;{}&#8221; sticky_enabled=&#8221;0&#8243;]<\/p>\n<p style=\"text-align: left;\"><span>Norit Brandservice servicerer og efterser alle former for brand- og sikringsmateriel.<br \/><\/span><span>Vores servicebiler k\u00f8rer over hele Lolland, Falster og Sydsj\u00e6lland.<\/span><span class=\"Apple-converted-space\">\u00a0<\/span><br \/><span>Vi kan v\u00e6re hos vore kunder indenfor ganske kort tid.<\/span><span class=\"Apple-converted-space\">\u00a0<\/span><br \/><span>Dette g\u00f8r at vi kan yde et meget h\u00f8jt serviceniveau til meget konkurrencedygtige priser.<\/span><\/p>\n<p style=\"text-align: left;\">Vores servicemedarbejdere er specielt uddannede,<br \/>og med vores fuldt udstyrede servicebiler l\u00f8ser vi stort set alle<br \/>opgaver ude hos kunderne. Vi har eget v\u00e6rksted og stiller altid ombytningsslukkere til r\u00e5dighed.<\/p>\n<p style=\"text-align: left;\">Vi udf\u00f8rer alle lovpligtige kontroleftersyn og vi\u00a0laver servicekontroleftersyn jf. Statens Brandinspektions reglement.<br \/>Alle aftaler bliver gennemg\u00e5et og aftales\u00a0sammen dig som kunde.<\/p>\n<p>[\/et_pb_text][\/et_pb_column][\/et_pb_row][\/et_pb_section]<\/p>\n","protected":false},"excerpt":{"rendered":"<p>Velkommen hos Norit BrandserviceVi tilbyder service af brandmateriale \u2013 Opfyldning og trykpr\u00f8vning af Gloria- og Lindeprodukter.Vi er DS-certificerede og alle reparationer foreg\u00e5r p\u00e5 vores DS-godkendte v\u00e6rksted. Vi uddanner og certificerer vores medarbejder l\u00f8bende, for at opn\u00e5 s\u00e5 h\u00f8jt et\u00a0service- og kvalitetsniveau. Vi opfylder samtlige krav i henhold til transportbeholderbekendtg\u00f8relsen.ServiceNorit Brandservice servicerer og efterser alle former [&hellip;]<\/p>\n","protected":false},"author":1,"featured_media":0,"parent":0,"menu_order":0,"comment_status":"closed","ping_status":"closed","template":"","meta":{"_et_pb_use_builder":"on","_et_pb_old_content":"","_et_gb_content_width":"","footnotes":""},"class_list":["post-5","page","type-page","status-publish","hentry"],"aioseo_notices":[],"_links":{"self":[{"href":"https:\/\/noritbrandservice.dk\/index.php?rest_route=\/wp\/v2\/pages\/5","targetHints":{"allow":["GET"]}}],"collection":[{"href":"https:\/\/noritbrandservice.dk\/index.php?rest_route=\/wp\/v2\/pages"}],"about":[{"href":"https:\/\/noritbrandservice.dk\/index.php?rest_route=\/wp\/v2\/types\/page"}],"author":[{"embeddable":true,"href":"https:\/\/noritbrandservice.dk\/index.php?rest_route=\/wp\/v2\/users\/1"}],"replies":[{"embeddable":true,"href":"https:\/\/noritbrandservice.dk\/index.php?rest_route=%2Fwp%2Fv2%2Fcomments&post=5"}],"version-history":[{"count":7,"href":"https:\/\/noritbrandservice.dk\/index.php?rest_route=\/wp\/v2\/pages\/5\/revisions"}],"predecessor-version":[{"id":71,"href":"https:\/\/noritbrandservice.dk\/index.php?rest_route=\/wp\/v2\/pages\/5\/revisions\/71"}],"wp:attachment":[{"href":"https:\/\/noritbrandservice.dk\/index.php?rest_route=%2Fwp%2Fv2%2Fmedia&parent=5"}],"curies":[{"name":"wp","href":"https:\/\/api.w.org\/{rel}","templated":true}]}}